{"id":9974,"date":"2018-01-01T00:01:05","date_gmt":"2017-12-31T23:01:05","guid":{"rendered":"https:\/\/www.decortex.com\/?post_type=product&#038;p=9974"},"modified":"2025-04-10T09:45:01","modified_gmt":"2025-04-10T07:45:01","slug":"mia-3420-col-1","status":"publish","type":"product","link":"https:\/\/www.decortex.com\/it\/prodotto\/mia-3420-col-1\/","title":{"rendered":"MIA 3420 col.1"},"content":{"rendered":"<p>MIA 3420 \u00e8 un tessuto 100% Lyocell che si distingue per la sua straordinaria leggerezza e morbidezza, qualit\u00e0 che lo rendono davvero eccezionale. Il Lyocell \u00e8 una fibra di origine naturale, ricavata principalmente dalla cellulosa delle piante di eucalipto, e viene prodotta attraverso un processo eco-sostenibile studiato per ridurre al minimo l'impatto ambientale.<\/p>","protected":false},"excerpt":{"rendered":"<p>MIA 3420 \u00e8 un tessuto 100% Lyocell che si distingue per la sua straordinaria leggerezza e morbidezza, qualit\u00e0 che lo rendono davvero eccezionale. Il Lyocell \u00e8 una fibra di origine naturale, ricavata principalmente dalla cellulosa delle piante di eucalipto, e viene prodotta attraverso un processo eco-sostenibile studiato per ridurre al minimo l'impatto ambientale.<\/p>","protected":false},"featured_media":9978,"template":"","meta":{"_acf_changed":false},"product_cat":[343],"product_tag":[255,260],"class_list":{"0":"post-9974","1":"product","2":"type-product","3":"status-publish","4":"has-post-thumbnail","6":"product_cat-mia-cod-3420","7":"product_tag-double-width","8":"product_tag-sheer","10":"first","11":"instock","12":"shipping-taxable","13":"purchasable","14":"product-type-simple"},"acf":[],"yoast_head":"<!-- This site is optimized with the Yoast SEO plugin v24.0 - https:\/\/yoast.com\/wordpress\/plugins\/seo\/ -->\n<title>MIA 3420 col.1 - DECORTEX FIRENZE<\/title>\n<meta name=\"robots\" content=\"index, follow, max-snippet:-1, max-image-preview:large, max-video-preview:-1\" \/>\n<link rel=\"canonical\" href=\"https:\/\/www.decortex.com\/it\/prodotto\/mia-3420-col-1\/\" \/>\n<meta property=\"og:locale\" content=\"it_IT\" \/>\n<meta property=\"og:type\" content=\"article\" \/>\n<meta property=\"og:title\" content=\"MIA 3420 col.1 - DECORTEX FIRENZE\" \/>\n<meta property=\"og:description\" content=\"MIA 3420 is a 100% Lyocell fabric that stands out for its remarkable lightness and softness\u2014qualities that make it truly exceptional. Derived primarily from the cellulose of eucalyptus plants, Lyocell is a fiber of natural origin produced through an eco-friendly process designed to minimize environmental impact.\" \/>\n<meta property=\"og:url\" content=\"https:\/\/www.decortex.com\/it\/prodotto\/mia-3420-col-1\/\" \/>\n<meta property=\"og:site_name\" content=\"DECORTEX FIRENZE\" \/>\n<meta property=\"article:modified_time\" content=\"2025-04-10T07:45:01+00:00\" \/>\n<meta property=\"og:image\" content=\"https:\/\/www.decortex.com\/wp-content\/uploads\/2025\/03\/Mia-3420-1.jpg\" \/>\n\t<meta property=\"og:image:width\" content=\"1875\" \/>\n\t<meta property=\"og:image:height\" content=\"2500\" \/>\n\t<meta property=\"og:image:type\" content=\"image\/jpeg\" \/>\n<meta name=\"twitter:card\" content=\"summary_large_image\" \/>\n<meta name=\"twitter:label1\" content=\"Tempo di lettura stimato\" \/>\n\t<meta name=\"twitter:data1\" content=\"1 minuto\" \/>\n<script type=\"application\/ld+json\" class=\"yoast-schema-graph\">{\"@context\":\"https:\/\/schema.org\",\"@graph\":[{\"@type\":\"WebPage\",\"@id\":\"https:\/\/www.decortex.com\/prodotto\/mia-3420-col-1\/\",\"url\":\"https:\/\/www.decortex.com\/prodotto\/mia-3420-col-1\/\",\"name\":\"MIA 3420 col.1 - DECORTEX FIRENZE\",\"isPartOf\":{\"@id\":\"https:\/\/www.decortex.com\/#website\"},\"primaryImageOfPage\":{\"@id\":\"https:\/\/www.decortex.com\/prodotto\/mia-3420-col-1\/#primaryimage\"},\"image\":{\"@id\":\"https:\/\/www.decortex.com\/prodotto\/mia-3420-col-1\/#primaryimage\"},\"thumbnailUrl\":\"https:\/\/www.decortex.com\/wp-content\/uploads\/2025\/03\/Mia-3420-1.jpg\",\"datePublished\":\"2017-12-31T23:01:05+00:00\",\"dateModified\":\"2025-04-10T07:45:01+00:00\",\"breadcrumb\":{\"@id\":\"https:\/\/www.decortex.com\/prodotto\/mia-3420-col-1\/#breadcrumb\"},\"inLanguage\":\"it-IT\",\"potentialAction\":[{\"@type\":\"ReadAction\",\"target\":[\"https:\/\/www.decortex.com\/prodotto\/mia-3420-col-1\/\"]}]},{\"@type\":\"ImageObject\",\"inLanguage\":\"it-IT\",\"@id\":\"https:\/\/www.decortex.com\/prodotto\/mia-3420-col-1\/#primaryimage\",\"url\":\"https:\/\/www.decortex.com\/wp-content\/uploads\/2025\/03\/Mia-3420-1.jpg\",\"contentUrl\":\"https:\/\/www.decortex.com\/wp-content\/uploads\/2025\/03\/Mia-3420-1.jpg\",\"width\":1875,\"height\":2500},{\"@type\":\"BreadcrumbList\",\"@id\":\"https:\/\/www.decortex.com\/prodotto\/mia-3420-col-1\/#breadcrumb\",\"itemListElement\":[{\"@type\":\"ListItem\",\"position\":1,\"name\":\"Home\",\"item\":\"https:\/\/www.decortex.com\/\"},{\"@type\":\"ListItem\",\"position\":2,\"name\":\"Shop\",\"item\":\"https:\/\/www.decortex.com\/negozio\/\"},{\"@type\":\"ListItem\",\"position\":3,\"name\":\"MIA 3420 col.1\"}]},{\"@type\":\"WebSite\",\"@id\":\"https:\/\/www.decortex.com\/#website\",\"url\":\"https:\/\/www.decortex.com\/\",\"name\":\"DECORTEX FIRENZE\",\"description\":\"\",\"potentialAction\":[{\"@type\":\"SearchAction\",\"target\":{\"@type\":\"EntryPoint\",\"urlTemplate\":\"https:\/\/www.decortex.com\/?s={search_term_string}\"},\"query-input\":{\"@type\":\"PropertyValueSpecification\",\"valueRequired\":true,\"valueName\":\"search_term_string\"}}],\"inLanguage\":\"it-IT\"}]}<\/script>\n<!-- \/ Yoast SEO plugin. -->","yoast_head_json":{"title":"MIA 3420 col.1 - DECORTEX FIRENZE","robots":{"index":"index","follow":"follow","max-snippet":"max-snippet:-1","max-image-preview":"max-image-preview:large","max-video-preview":"max-video-preview:-1"},"canonical":"https:\/\/www.decortex.com\/it\/prodotto\/mia-3420-col-1\/","og_locale":"it_IT","og_type":"article","og_title":"MIA 3420 col.1 - DECORTEX FIRENZE","og_description":"MIA 3420 is a 100% Lyocell fabric that stands out for its remarkable lightness and softness\u2014qualities that make it truly exceptional. Derived primarily from the cellulose of eucalyptus plants, Lyocell is a fiber of natural origin produced through an eco-friendly process designed to minimize environmental impact.","og_url":"https:\/\/www.decortex.com\/it\/prodotto\/mia-3420-col-1\/","og_site_name":"DECORTEX FIRENZE","article_modified_time":"2025-04-10T07:45:01+00:00","og_image":[{"width":1875,"height":2500,"url":"https:\/\/www.decortex.com\/wp-content\/uploads\/2025\/03\/Mia-3420-1.jpg","type":"image\/jpeg"}],"twitter_card":"summary_large_image","twitter_misc":{"Tempo di lettura stimato":"1 minuto"},"schema":{"@context":"https:\/\/schema.org","@graph":[{"@type":"WebPage","@id":"https:\/\/www.decortex.com\/prodotto\/mia-3420-col-1\/","url":"https:\/\/www.decortex.com\/prodotto\/mia-3420-col-1\/","name":"MIA 3420 col.1 - DECORTEX FIRENZE","isPartOf":{"@id":"https:\/\/www.decortex.com\/#website"},"primaryImageOfPage":{"@id":"https:\/\/www.decortex.com\/prodotto\/mia-3420-col-1\/#primaryimage"},"image":{"@id":"https:\/\/www.decortex.com\/prodotto\/mia-3420-col-1\/#primaryimage"},"thumbnailUrl":"https:\/\/www.decortex.com\/wp-content\/uploads\/2025\/03\/Mia-3420-1.jpg","datePublished":"2017-12-31T23:01:05+00:00","dateModified":"2025-04-10T07:45:01+00:00","breadcrumb":{"@id":"https:\/\/www.decortex.com\/prodotto\/mia-3420-col-1\/#breadcrumb"},"inLanguage":"it-IT","potentialAction":[{"@type":"ReadAction","target":["https:\/\/www.decortex.com\/prodotto\/mia-3420-col-1\/"]}]},{"@type":"ImageObject","inLanguage":"it-IT","@id":"https:\/\/www.decortex.com\/prodotto\/mia-3420-col-1\/#primaryimage","url":"https:\/\/www.decortex.com\/wp-content\/uploads\/2025\/03\/Mia-3420-1.jpg","contentUrl":"https:\/\/www.decortex.com\/wp-content\/uploads\/2025\/03\/Mia-3420-1.jpg","width":1875,"height":2500},{"@type":"BreadcrumbList","@id":"https:\/\/www.decortex.com\/prodotto\/mia-3420-col-1\/#breadcrumb","itemListElement":[{"@type":"ListItem","position":1,"name":"Home","item":"https:\/\/www.decortex.com\/"},{"@type":"ListItem","position":2,"name":"Shop","item":"https:\/\/www.decortex.com\/negozio\/"},{"@type":"ListItem","position":3,"name":"MIA 3420 col.1"}]},{"@type":"WebSite","@id":"https:\/\/www.decortex.com\/#website","url":"https:\/\/www.decortex.com\/","name":"DECORTEX FIRENZE","description":"","potentialAction":[{"@type":"SearchAction","target":{"@type":"EntryPoint","urlTemplate":"https:\/\/www.decortex.com\/?s={search_term_string}"},"query-input":{"@type":"PropertyValueSpecification","valueRequired":true,"valueName":"search_term_string"}}],"inLanguage":"it-IT"}]}},"_links":{"self":[{"href":"https:\/\/www.decortex.com\/it\/wp-json\/wp\/v2\/product\/9974","targetHints":{"allow":["GET"]}}],"collection":[{"href":"https:\/\/www.decortex.com\/it\/wp-json\/wp\/v2\/product"}],"about":[{"href":"https:\/\/www.decortex.com\/it\/wp-json\/wp\/v2\/types\/product"}],"wp:featuredmedia":[{"embeddable":true,"href":"https:\/\/www.decortex.com\/it\/wp-json\/wp\/v2\/media\/9978"}],"wp:attachment":[{"href":"https:\/\/www.decortex.com\/it\/wp-json\/wp\/v2\/media?parent=9974"}],"wp:term":[{"taxonomy":"product_cat","embeddable":true,"href":"https:\/\/www.decortex.com\/it\/wp-json\/wp\/v2\/product_cat?post=9974"},{"taxonomy":"product_tag","embeddable":true,"href":"https:\/\/www.decortex.com\/it\/wp-json\/wp\/v2\/product_tag?post=9974"}],"curies":[{"name":"wp","href":"https:\/\/api.w.org\/{rel}","templated":true}]}}