{"id":7958,"date":"2019-01-01T00:00:59","date_gmt":"2018-12-31T23:00:59","guid":{"rendered":"https:\/\/www.decortex.com\/?post_type=product&#038;p=7958"},"modified":"2025-03-12T14:42:21","modified_gmt":"2025-03-12T13:42:21","slug":"vidar-3961-col-1","status":"publish","type":"product","link":"https:\/\/www.decortex.com\/it\/prodotto\/vidar-3961-col-1\/","title":{"rendered":"VIDAR 3961 col.1"},"content":{"rendered":"<p>Tendaggio in lino e canapa in grande altezza, disponibile nel colore naturale e sbiancato. La particolarit\u00e0 di questo articolo \u00e8 la mano, molto piacevole e fresca, ottenuta da un particolare finissaggio. Il look un po' vissuto e mosso, \u00e8 caratteristica del tessuto. Tessuti semplici per ambienti urbani e moderni, oppure per arredamenti pi\u00f9 sciolti, come case al mare oppure in campagna. Lavabile in acqua.<\/p>","protected":false},"excerpt":{"rendered":"<p>The most exquisite linen and hemp come together in this wide-width curtain fabric. Because of its one-of-a-kind finishing process, this stunning fabric\u2014which is available in elegant white colors\u2014radiates an exclusive and fascinating aura. An additional feature that contributes to its unique charm is its somewhat worn and undulating appearance, making it perfect for homes in [&hellip;]<\/p>","protected":false},"featured_media":7975,"template":"","meta":{"_acf_changed":false},"product_cat":[309],"product_tag":[255,254,251,260],"class_list":{"0":"post-7958","1":"product","2":"type-product","3":"status-publish","4":"has-post-thumbnail","6":"product_cat-vidar","7":"product_tag-double-width","8":"product_tag-hemp","9":"product_tag-linen","10":"product_tag-sheer","12":"first","13":"instock","14":"sold-individually","15":"shipping-taxable","16":"purchasable","17":"product-type-simple"},"acf":[],"yoast_head":"<!-- This site is optimized with the Yoast SEO plugin v24.0 - https:\/\/yoast.com\/wordpress\/plugins\/seo\/ -->\n<title>VIDAR 3961 col.1 - DECORTEX FIRENZE<\/title>\n<meta name=\"robots\" content=\"index, follow, max-snippet:-1, max-image-preview:large, max-video-preview:-1\" \/>\n<link rel=\"canonical\" href=\"https:\/\/www.decortex.com\/it\/prodotto\/vidar-3961-col-1\/\" \/>\n<meta property=\"og:locale\" content=\"it_IT\" \/>\n<meta property=\"og:type\" content=\"article\" \/>\n<meta property=\"og:title\" content=\"VIDAR 3961 col.1 - DECORTEX FIRENZE\" \/>\n<meta property=\"og:description\" content=\"The most exquisite linen and hemp come together in this wide-width curtain fabric. Because of its one-of-a-kind finishing process, this stunning fabric\u2014which is available in elegant white colors\u2014radiates an exclusive and fascinating aura. An additional feature that contributes to its unique charm is its somewhat worn and undulating appearance, making it perfect for homes in [&hellip;]\" \/>\n<meta property=\"og:url\" content=\"https:\/\/www.decortex.com\/it\/prodotto\/vidar-3961-col-1\/\" \/>\n<meta property=\"og:site_name\" content=\"DECORTEX FIRENZE\" \/>\n<meta property=\"article:modified_time\" content=\"2025-03-12T13:42:21+00:00\" \/>\n<meta property=\"og:image\" content=\"https:\/\/www.decortex.com\/wp-content\/uploads\/2021\/03\/VIDAR_3961_1-copia.jpg\" \/>\n\t<meta property=\"og:image:width\" content=\"1875\" \/>\n\t<meta property=\"og:image:height\" content=\"2500\" \/>\n\t<meta property=\"og:image:type\" content=\"image\/jpeg\" \/>\n<meta name=\"twitter:card\" content=\"summary_large_image\" \/>\n<script type=\"application\/ld+json\" class=\"yoast-schema-graph\">{\"@context\":\"https:\/\/schema.org\",\"@graph\":[{\"@type\":\"WebPage\",\"@id\":\"https:\/\/www.decortex.com\/it\/prodotto\/vidar-3961-col-1\/\",\"url\":\"https:\/\/www.decortex.com\/it\/prodotto\/vidar-3961-col-1\/\",\"name\":\"VIDAR 3961 col.1 - DECORTEX FIRENZE\",\"isPartOf\":{\"@id\":\"https:\/\/www.decortex.com\/#website\"},\"primaryImageOfPage\":{\"@id\":\"https:\/\/www.decortex.com\/it\/prodotto\/vidar-3961-col-1\/#primaryimage\"},\"image\":{\"@id\":\"https:\/\/www.decortex.com\/it\/prodotto\/vidar-3961-col-1\/#primaryimage\"},\"thumbnailUrl\":\"https:\/\/www.decortex.com\/wp-content\/uploads\/2021\/03\/VIDAR_3961_1-copia.jpg\",\"datePublished\":\"2018-12-31T23:00:59+00:00\",\"dateModified\":\"2025-03-12T13:42:21+00:00\",\"breadcrumb\":{\"@id\":\"https:\/\/www.decortex.com\/it\/prodotto\/vidar-3961-col-1\/#breadcrumb\"},\"inLanguage\":\"it-IT\",\"potentialAction\":[{\"@type\":\"ReadAction\",\"target\":[\"https:\/\/www.decortex.com\/it\/prodotto\/vidar-3961-col-1\/\"]}]},{\"@type\":\"ImageObject\",\"inLanguage\":\"it-IT\",\"@id\":\"https:\/\/www.decortex.com\/it\/prodotto\/vidar-3961-col-1\/#primaryimage\",\"url\":\"https:\/\/www.decortex.com\/wp-content\/uploads\/2021\/03\/VIDAR_3961_1-copia.jpg\",\"contentUrl\":\"https:\/\/www.decortex.com\/wp-content\/uploads\/2021\/03\/VIDAR_3961_1-copia.jpg\",\"width\":1875,\"height\":2500},{\"@type\":\"BreadcrumbList\",\"@id\":\"https:\/\/www.decortex.com\/it\/prodotto\/vidar-3961-col-1\/#breadcrumb\",\"itemListElement\":[{\"@type\":\"ListItem\",\"position\":1,\"name\":\"Home\",\"item\":\"https:\/\/www.decortex.com\/\"},{\"@type\":\"ListItem\",\"position\":2,\"name\":\"Shop\",\"item\":\"https:\/\/www.decortex.com\/negozio\/\"},{\"@type\":\"ListItem\",\"position\":3,\"name\":\"VIDAR 3961 col.1\"}]},{\"@type\":\"WebSite\",\"@id\":\"https:\/\/www.decortex.com\/#website\",\"url\":\"https:\/\/www.decortex.com\/\",\"name\":\"DECORTEX FIRENZE\",\"description\":\"\",\"potentialAction\":[{\"@type\":\"SearchAction\",\"target\":{\"@type\":\"EntryPoint\",\"urlTemplate\":\"https:\/\/www.decortex.com\/?s={search_term_string}\"},\"query-input\":{\"@type\":\"PropertyValueSpecification\",\"valueRequired\":true,\"valueName\":\"search_term_string\"}}],\"inLanguage\":\"it-IT\"}]}<\/script>\n<!-- \/ Yoast SEO plugin. -->","yoast_head_json":{"title":"VIDAR 3961 col.1 - DECORTEX FIRENZE","robots":{"index":"index","follow":"follow","max-snippet":"max-snippet:-1","max-image-preview":"max-image-preview:large","max-video-preview":"max-video-preview:-1"},"canonical":"https:\/\/www.decortex.com\/it\/prodotto\/vidar-3961-col-1\/","og_locale":"it_IT","og_type":"article","og_title":"VIDAR 3961 col.1 - DECORTEX FIRENZE","og_description":"The most exquisite linen and hemp come together in this wide-width curtain fabric. Because of its one-of-a-kind finishing process, this stunning fabric\u2014which is available in elegant white colors\u2014radiates an exclusive and fascinating aura. An additional feature that contributes to its unique charm is its somewhat worn and undulating appearance, making it perfect for homes in [&hellip;]","og_url":"https:\/\/www.decortex.com\/it\/prodotto\/vidar-3961-col-1\/","og_site_name":"DECORTEX FIRENZE","article_modified_time":"2025-03-12T13:42:21+00:00","og_image":[{"width":1875,"height":2500,"url":"https:\/\/www.decortex.com\/wp-content\/uploads\/2021\/03\/VIDAR_3961_1-copia.jpg","type":"image\/jpeg"}],"twitter_card":"summary_large_image","schema":{"@context":"https:\/\/schema.org","@graph":[{"@type":"WebPage","@id":"https:\/\/www.decortex.com\/it\/prodotto\/vidar-3961-col-1\/","url":"https:\/\/www.decortex.com\/it\/prodotto\/vidar-3961-col-1\/","name":"VIDAR 3961 col.1 - DECORTEX FIRENZE","isPartOf":{"@id":"https:\/\/www.decortex.com\/#website"},"primaryImageOfPage":{"@id":"https:\/\/www.decortex.com\/it\/prodotto\/vidar-3961-col-1\/#primaryimage"},"image":{"@id":"https:\/\/www.decortex.com\/it\/prodotto\/vidar-3961-col-1\/#primaryimage"},"thumbnailUrl":"https:\/\/www.decortex.com\/wp-content\/uploads\/2021\/03\/VIDAR_3961_1-copia.jpg","datePublished":"2018-12-31T23:00:59+00:00","dateModified":"2025-03-12T13:42:21+00:00","breadcrumb":{"@id":"https:\/\/www.decortex.com\/it\/prodotto\/vidar-3961-col-1\/#breadcrumb"},"inLanguage":"it-IT","potentialAction":[{"@type":"ReadAction","target":["https:\/\/www.decortex.com\/it\/prodotto\/vidar-3961-col-1\/"]}]},{"@type":"ImageObject","inLanguage":"it-IT","@id":"https:\/\/www.decortex.com\/it\/prodotto\/vidar-3961-col-1\/#primaryimage","url":"https:\/\/www.decortex.com\/wp-content\/uploads\/2021\/03\/VIDAR_3961_1-copia.jpg","contentUrl":"https:\/\/www.decortex.com\/wp-content\/uploads\/2021\/03\/VIDAR_3961_1-copia.jpg","width":1875,"height":2500},{"@type":"BreadcrumbList","@id":"https:\/\/www.decortex.com\/it\/prodotto\/vidar-3961-col-1\/#breadcrumb","itemListElement":[{"@type":"ListItem","position":1,"name":"Home","item":"https:\/\/www.decortex.com\/"},{"@type":"ListItem","position":2,"name":"Shop","item":"https:\/\/www.decortex.com\/negozio\/"},{"@type":"ListItem","position":3,"name":"VIDAR 3961 col.1"}]},{"@type":"WebSite","@id":"https:\/\/www.decortex.com\/#website","url":"https:\/\/www.decortex.com\/","name":"DECORTEX FIRENZE","description":"","potentialAction":[{"@type":"SearchAction","target":{"@type":"EntryPoint","urlTemplate":"https:\/\/www.decortex.com\/?s={search_term_string}"},"query-input":{"@type":"PropertyValueSpecification","valueRequired":true,"valueName":"search_term_string"}}],"inLanguage":"it-IT"}]}},"_links":{"self":[{"href":"https:\/\/www.decortex.com\/it\/wp-json\/wp\/v2\/product\/7958","targetHints":{"allow":["GET"]}}],"collection":[{"href":"https:\/\/www.decortex.com\/it\/wp-json\/wp\/v2\/product"}],"about":[{"href":"https:\/\/www.decortex.com\/it\/wp-json\/wp\/v2\/types\/product"}],"wp:featuredmedia":[{"embeddable":true,"href":"https:\/\/www.decortex.com\/it\/wp-json\/wp\/v2\/media\/7975"}],"wp:attachment":[{"href":"https:\/\/www.decortex.com\/it\/wp-json\/wp\/v2\/media?parent=7958"}],"wp:term":[{"taxonomy":"product_cat","embeddable":true,"href":"https:\/\/www.decortex.com\/it\/wp-json\/wp\/v2\/product_cat?post=7958"},{"taxonomy":"product_tag","embeddable":true,"href":"https:\/\/www.decortex.com\/it\/wp-json\/wp\/v2\/product_tag?post=7958"}],"curies":[{"name":"wp","href":"https:\/\/api.w.org\/{rel}","templated":true}]}}