{"id":2066,"date":"2021-04-09T10:56:50","date_gmt":"2021-04-09T08:56:50","guid":{"rendered":"https:\/\/www.decortex.com\/?post_type=product&#038;p=2066"},"modified":"2024-04-16T10:41:02","modified_gmt":"2024-04-16T08:41:02","slug":"goldie-2044-col-13","status":"publish","type":"product","link":"https:\/\/www.decortex.com\/it\/prodotto\/goldie-2044-col-13\/","title":{"rendered":"GOLDIE 2044 Col.13"},"content":{"rendered":"<p>Il classico motivo damasco rivive attraverso il contrasto di filati lucidi e opachi che creano un sofisticato gioco di luci sulla superficie, la grande densit\u00e0 di fili d\u2019ordito dona una struttura compatta ed una lucentezza di fondo molto elegante. Una palette di colori che variano dal pi\u00f9 classico a tonalit\u00e0 pi\u00f9 moderne, si adatta perfettamente a seduta e imbottito.<\/p>","protected":false},"excerpt":{"rendered":"<p>The classic damask motif is obtained by the contrast of shiny and opaque yarns that create a sophisticated play of light on the surface. The great density of warp threads gives a compact structure and a very elegant background shine. A palette of colors that vary from the most classic to more modern shades, adapts [&hellip;]<\/p>","protected":false},"featured_media":2067,"template":"","meta":{"_acf_changed":false},"product_cat":[179],"product_tag":[258,259],"class_list":{"0":"post-2066","1":"product","2":"type-product","3":"status-publish","4":"has-post-thumbnail","6":"product_cat-goldie","7":"product_tag-jacquard","8":"product_tag-pattern","10":"first","11":"instock","12":"sold-individually","13":"shipping-taxable","14":"purchasable","15":"product-type-simple"},"acf":[],"yoast_head":"<!-- This site is optimized with the Yoast SEO plugin v24.0 - https:\/\/yoast.com\/wordpress\/plugins\/seo\/ -->\n<title>GOLDIE 2044 Col.13 - DECORTEX FIRENZE<\/title>\n<meta name=\"robots\" content=\"index, follow, max-snippet:-1, max-image-preview:large, max-video-preview:-1\" \/>\n<link rel=\"canonical\" href=\"https:\/\/www.decortex.com\/it\/prodotto\/goldie-2044-col-13\/\" \/>\n<meta property=\"og:locale\" content=\"it_IT\" \/>\n<meta property=\"og:type\" content=\"article\" \/>\n<meta property=\"og:title\" content=\"GOLDIE 2044 Col.13 - DECORTEX FIRENZE\" \/>\n<meta property=\"og:description\" content=\"The classic damask motif is obtained by the contrast of shiny and opaque yarns that create a sophisticated play of light on the surface. The great density of warp threads gives a compact structure and a very elegant background shine. A palette of colors that vary from the most classic to more modern shades, adapts [&hellip;]\" \/>\n<meta property=\"og:url\" content=\"https:\/\/www.decortex.com\/it\/prodotto\/goldie-2044-col-13\/\" \/>\n<meta property=\"og:site_name\" content=\"DECORTEX FIRENZE\" \/>\n<meta property=\"article:modified_time\" content=\"2024-04-16T08:41:02+00:00\" \/>\n<meta property=\"og:image\" content=\"https:\/\/www.decortex.com\/wp-content\/uploads\/2021\/04\/2044-13.jpg\" \/>\n\t<meta property=\"og:image:width\" content=\"1200\" \/>\n\t<meta property=\"og:image:height\" content=\"1600\" \/>\n\t<meta property=\"og:image:type\" content=\"image\/jpeg\" \/>\n<meta name=\"twitter:card\" content=\"summary_large_image\" \/>\n<script type=\"application\/ld+json\" class=\"yoast-schema-graph\">{\"@context\":\"https:\/\/schema.org\",\"@graph\":[{\"@type\":\"WebPage\",\"@id\":\"https:\/\/www.decortex.com\/prodotto\/goldie-2044-col-13\/\",\"url\":\"https:\/\/www.decortex.com\/prodotto\/goldie-2044-col-13\/\",\"name\":\"GOLDIE 2044 Col.13 - DECORTEX FIRENZE\",\"isPartOf\":{\"@id\":\"https:\/\/www.decortex.com\/#website\"},\"primaryImageOfPage\":{\"@id\":\"https:\/\/www.decortex.com\/prodotto\/goldie-2044-col-13\/#primaryimage\"},\"image\":{\"@id\":\"https:\/\/www.decortex.com\/prodotto\/goldie-2044-col-13\/#primaryimage\"},\"thumbnailUrl\":\"https:\/\/www.decortex.com\/wp-content\/uploads\/2021\/04\/2044-13.jpg\",\"datePublished\":\"2021-04-09T08:56:50+00:00\",\"dateModified\":\"2024-04-16T08:41:02+00:00\",\"breadcrumb\":{\"@id\":\"https:\/\/www.decortex.com\/prodotto\/goldie-2044-col-13\/#breadcrumb\"},\"inLanguage\":\"it-IT\",\"potentialAction\":[{\"@type\":\"ReadAction\",\"target\":[\"https:\/\/www.decortex.com\/prodotto\/goldie-2044-col-13\/\"]}]},{\"@type\":\"ImageObject\",\"inLanguage\":\"it-IT\",\"@id\":\"https:\/\/www.decortex.com\/prodotto\/goldie-2044-col-13\/#primaryimage\",\"url\":\"https:\/\/www.decortex.com\/wp-content\/uploads\/2021\/04\/2044-13.jpg\",\"contentUrl\":\"https:\/\/www.decortex.com\/wp-content\/uploads\/2021\/04\/2044-13.jpg\",\"width\":1200,\"height\":1600},{\"@type\":\"BreadcrumbList\",\"@id\":\"https:\/\/www.decortex.com\/prodotto\/goldie-2044-col-13\/#breadcrumb\",\"itemListElement\":[{\"@type\":\"ListItem\",\"position\":1,\"name\":\"Home\",\"item\":\"https:\/\/www.decortex.com\/\"},{\"@type\":\"ListItem\",\"position\":2,\"name\":\"Shop\",\"item\":\"https:\/\/www.decortex.com\/negozio\/\"},{\"@type\":\"ListItem\",\"position\":3,\"name\":\"GOLDIE 2044 Col.13\"}]},{\"@type\":\"WebSite\",\"@id\":\"https:\/\/www.decortex.com\/#website\",\"url\":\"https:\/\/www.decortex.com\/\",\"name\":\"DECORTEX FIRENZE\",\"description\":\"\",\"potentialAction\":[{\"@type\":\"SearchAction\",\"target\":{\"@type\":\"EntryPoint\",\"urlTemplate\":\"https:\/\/www.decortex.com\/?s={search_term_string}\"},\"query-input\":{\"@type\":\"PropertyValueSpecification\",\"valueRequired\":true,\"valueName\":\"search_term_string\"}}],\"inLanguage\":\"it-IT\"}]}<\/script>\n<!-- \/ Yoast SEO plugin. -->","yoast_head_json":{"title":"GOLDIE 2044 Col.13 - DECORTEX FIRENZE","robots":{"index":"index","follow":"follow","max-snippet":"max-snippet:-1","max-image-preview":"max-image-preview:large","max-video-preview":"max-video-preview:-1"},"canonical":"https:\/\/www.decortex.com\/it\/prodotto\/goldie-2044-col-13\/","og_locale":"it_IT","og_type":"article","og_title":"GOLDIE 2044 Col.13 - DECORTEX FIRENZE","og_description":"The classic damask motif is obtained by the contrast of shiny and opaque yarns that create a sophisticated play of light on the surface. The great density of warp threads gives a compact structure and a very elegant background shine. A palette of colors that vary from the most classic to more modern shades, adapts [&hellip;]","og_url":"https:\/\/www.decortex.com\/it\/prodotto\/goldie-2044-col-13\/","og_site_name":"DECORTEX FIRENZE","article_modified_time":"2024-04-16T08:41:02+00:00","og_image":[{"width":1200,"height":1600,"url":"https:\/\/www.decortex.com\/wp-content\/uploads\/2021\/04\/2044-13.jpg","type":"image\/jpeg"}],"twitter_card":"summary_large_image","schema":{"@context":"https:\/\/schema.org","@graph":[{"@type":"WebPage","@id":"https:\/\/www.decortex.com\/prodotto\/goldie-2044-col-13\/","url":"https:\/\/www.decortex.com\/prodotto\/goldie-2044-col-13\/","name":"GOLDIE 2044 Col.13 - DECORTEX FIRENZE","isPartOf":{"@id":"https:\/\/www.decortex.com\/#website"},"primaryImageOfPage":{"@id":"https:\/\/www.decortex.com\/prodotto\/goldie-2044-col-13\/#primaryimage"},"image":{"@id":"https:\/\/www.decortex.com\/prodotto\/goldie-2044-col-13\/#primaryimage"},"thumbnailUrl":"https:\/\/www.decortex.com\/wp-content\/uploads\/2021\/04\/2044-13.jpg","datePublished":"2021-04-09T08:56:50+00:00","dateModified":"2024-04-16T08:41:02+00:00","breadcrumb":{"@id":"https:\/\/www.decortex.com\/prodotto\/goldie-2044-col-13\/#breadcrumb"},"inLanguage":"it-IT","potentialAction":[{"@type":"ReadAction","target":["https:\/\/www.decortex.com\/prodotto\/goldie-2044-col-13\/"]}]},{"@type":"ImageObject","inLanguage":"it-IT","@id":"https:\/\/www.decortex.com\/prodotto\/goldie-2044-col-13\/#primaryimage","url":"https:\/\/www.decortex.com\/wp-content\/uploads\/2021\/04\/2044-13.jpg","contentUrl":"https:\/\/www.decortex.com\/wp-content\/uploads\/2021\/04\/2044-13.jpg","width":1200,"height":1600},{"@type":"BreadcrumbList","@id":"https:\/\/www.decortex.com\/prodotto\/goldie-2044-col-13\/#breadcrumb","itemListElement":[{"@type":"ListItem","position":1,"name":"Home","item":"https:\/\/www.decortex.com\/"},{"@type":"ListItem","position":2,"name":"Shop","item":"https:\/\/www.decortex.com\/negozio\/"},{"@type":"ListItem","position":3,"name":"GOLDIE 2044 Col.13"}]},{"@type":"WebSite","@id":"https:\/\/www.decortex.com\/#website","url":"https:\/\/www.decortex.com\/","name":"DECORTEX FIRENZE","description":"","potentialAction":[{"@type":"SearchAction","target":{"@type":"EntryPoint","urlTemplate":"https:\/\/www.decortex.com\/?s={search_term_string}"},"query-input":{"@type":"PropertyValueSpecification","valueRequired":true,"valueName":"search_term_string"}}],"inLanguage":"it-IT"}]}},"_links":{"self":[{"href":"https:\/\/www.decortex.com\/it\/wp-json\/wp\/v2\/product\/2066","targetHints":{"allow":["GET"]}}],"collection":[{"href":"https:\/\/www.decortex.com\/it\/wp-json\/wp\/v2\/product"}],"about":[{"href":"https:\/\/www.decortex.com\/it\/wp-json\/wp\/v2\/types\/product"}],"wp:featuredmedia":[{"embeddable":true,"href":"https:\/\/www.decortex.com\/it\/wp-json\/wp\/v2\/media\/2067"}],"wp:attachment":[{"href":"https:\/\/www.decortex.com\/it\/wp-json\/wp\/v2\/media?parent=2066"}],"wp:term":[{"taxonomy":"product_cat","embeddable":true,"href":"https:\/\/www.decortex.com\/it\/wp-json\/wp\/v2\/product_cat?post=2066"},{"taxonomy":"product_tag","embeddable":true,"href":"https:\/\/www.decortex.com\/it\/wp-json\/wp\/v2\/product_tag?post=2066"}],"curies":[{"name":"wp","href":"https:\/\/api.w.org\/{rel}","templated":true}]}}