{"id":10128,"date":"2018-01-01T00:01:46","date_gmt":"2017-12-31T23:01:46","guid":{"rendered":"https:\/\/www.decortex.com\/?post_type=product&#038;p=10128"},"modified":"2025-04-10T09:51:13","modified_gmt":"2025-04-10T07:51:13","slug":"pepe-2422-col-3","status":"publish","type":"product","link":"https:\/\/www.decortex.com\/it\/prodotto\/pepe-2422-col-3\/","title":{"rendered":"PEPE 2422 col.3"},"content":{"rendered":"<p>Il tessuto PEPE, caratterizzato dalla preziosa tecnica matelass\u00e9 e dal suo effetto imbottito dettagliato, \u00e8 arricchito da un elegante motivo jacquard che evoca un intreccio di vimini e richiama i tessuti del mondo della moda.\nPepe offre un'interpretazione moderna e contemporanea, espressa in colori vivaci. \u00c8 ideale per imbottiti destinati a un uso di intensit\u00e0 medio-alta e per usi decorativi. Questo tessuto versatile pu\u00f2 essere utilizzato in entrambe le direzioni, permettendo di rivestire con facilit\u00e0 anche arredi imbottiti di grandi dimensioni senza restrizioni di larghezza.<\/p>","protected":false},"excerpt":{"rendered":"<p>This quilted fabric, marked by the preciousness of the matelass\u00e9 pocket-weave technique and featuring a detailed padded effect, is enhanced by a captivating jacquard woven design that evokes a basketweave-like texture and the textile of the fashion and apparel world. Pepe provides a modern and urban interpretation, expressed in vivid colors and is well-suitedfor medium-intensive [&hellip;]<\/p>","protected":false},"featured_media":10105,"template":"","meta":{"_acf_changed":false},"product_cat":[347],"product_tag":[258,252],"class_list":{"0":"post-10128","1":"product","2":"type-product","3":"status-publish","4":"has-post-thumbnail","6":"product_cat-pepe-cod-2422","7":"product_tag-jacquard","8":"product_tag-plain-textured-weave","10":"first","11":"instock","12":"shipping-taxable","13":"purchasable","14":"product-type-simple"},"acf":[],"yoast_head":"<!-- This site is optimized with the Yoast SEO plugin v24.0 - https:\/\/yoast.com\/wordpress\/plugins\/seo\/ -->\n<title>PEPE 2422 col.3 - DECORTEX FIRENZE<\/title>\n<meta name=\"robots\" content=\"index, follow, max-snippet:-1, max-image-preview:large, max-video-preview:-1\" \/>\n<link rel=\"canonical\" href=\"https:\/\/www.decortex.com\/it\/prodotto\/pepe-2422-col-3\/\" \/>\n<meta property=\"og:locale\" content=\"it_IT\" \/>\n<meta property=\"og:type\" content=\"article\" \/>\n<meta property=\"og:title\" content=\"PEPE 2422 col.3 - DECORTEX FIRENZE\" \/>\n<meta property=\"og:description\" content=\"This quilted fabric, marked by the preciousness of the matelass\u00e9 pocket-weave technique and featuring a detailed padded effect, is enhanced by a captivating jacquard woven design that evokes a basketweave-like texture and the textile of the fashion and apparel world. Pepe provides a modern and urban interpretation, expressed in vivid colors and is well-suitedfor medium-intensive [&hellip;]\" \/>\n<meta property=\"og:url\" content=\"https:\/\/www.decortex.com\/it\/prodotto\/pepe-2422-col-3\/\" \/>\n<meta property=\"og:site_name\" content=\"DECORTEX FIRENZE\" \/>\n<meta property=\"article:modified_time\" content=\"2025-04-10T07:51:13+00:00\" \/>\n<meta property=\"og:image\" content=\"https:\/\/www.decortex.com\/wp-content\/uploads\/2025\/03\/Pepe-2422-3.jpg\" \/>\n\t<meta property=\"og:image:width\" content=\"1875\" \/>\n\t<meta property=\"og:image:height\" content=\"2500\" \/>\n\t<meta property=\"og:image:type\" content=\"image\/jpeg\" \/>\n<meta name=\"twitter:card\" content=\"summary_large_image\" \/>\n<meta name=\"twitter:label1\" content=\"Tempo di lettura stimato\" \/>\n\t<meta name=\"twitter:data1\" content=\"1 minuto\" \/>\n<script type=\"application\/ld+json\" class=\"yoast-schema-graph\">{\"@context\":\"https:\/\/schema.org\",\"@graph\":[{\"@type\":\"WebPage\",\"@id\":\"https:\/\/www.decortex.com\/prodotto\/pepe-2422-col-3\/\",\"url\":\"https:\/\/www.decortex.com\/prodotto\/pepe-2422-col-3\/\",\"name\":\"PEPE 2422 col.3 - DECORTEX FIRENZE\",\"isPartOf\":{\"@id\":\"https:\/\/www.decortex.com\/#website\"},\"primaryImageOfPage\":{\"@id\":\"https:\/\/www.decortex.com\/prodotto\/pepe-2422-col-3\/#primaryimage\"},\"image\":{\"@id\":\"https:\/\/www.decortex.com\/prodotto\/pepe-2422-col-3\/#primaryimage\"},\"thumbnailUrl\":\"https:\/\/www.decortex.com\/wp-content\/uploads\/2025\/03\/Pepe-2422-3.jpg\",\"datePublished\":\"2017-12-31T23:01:46+00:00\",\"dateModified\":\"2025-04-10T07:51:13+00:00\",\"breadcrumb\":{\"@id\":\"https:\/\/www.decortex.com\/prodotto\/pepe-2422-col-3\/#breadcrumb\"},\"inLanguage\":\"it-IT\",\"potentialAction\":[{\"@type\":\"ReadAction\",\"target\":[\"https:\/\/www.decortex.com\/prodotto\/pepe-2422-col-3\/\"]}]},{\"@type\":\"ImageObject\",\"inLanguage\":\"it-IT\",\"@id\":\"https:\/\/www.decortex.com\/prodotto\/pepe-2422-col-3\/#primaryimage\",\"url\":\"https:\/\/www.decortex.com\/wp-content\/uploads\/2025\/03\/Pepe-2422-3.jpg\",\"contentUrl\":\"https:\/\/www.decortex.com\/wp-content\/uploads\/2025\/03\/Pepe-2422-3.jpg\",\"width\":1875,\"height\":2500},{\"@type\":\"BreadcrumbList\",\"@id\":\"https:\/\/www.decortex.com\/prodotto\/pepe-2422-col-3\/#breadcrumb\",\"itemListElement\":[{\"@type\":\"ListItem\",\"position\":1,\"name\":\"Home\",\"item\":\"https:\/\/www.decortex.com\/\"},{\"@type\":\"ListItem\",\"position\":2,\"name\":\"Shop\",\"item\":\"https:\/\/www.decortex.com\/negozio\/\"},{\"@type\":\"ListItem\",\"position\":3,\"name\":\"PEPE 2422 col.3\"}]},{\"@type\":\"WebSite\",\"@id\":\"https:\/\/www.decortex.com\/#website\",\"url\":\"https:\/\/www.decortex.com\/\",\"name\":\"DECORTEX FIRENZE\",\"description\":\"\",\"potentialAction\":[{\"@type\":\"SearchAction\",\"target\":{\"@type\":\"EntryPoint\",\"urlTemplate\":\"https:\/\/www.decortex.com\/?s={search_term_string}\"},\"query-input\":{\"@type\":\"PropertyValueSpecification\",\"valueRequired\":true,\"valueName\":\"search_term_string\"}}],\"inLanguage\":\"it-IT\"}]}<\/script>\n<!-- \/ Yoast SEO plugin. -->","yoast_head_json":{"title":"PEPE 2422 col.3 - DECORTEX FIRENZE","robots":{"index":"index","follow":"follow","max-snippet":"max-snippet:-1","max-image-preview":"max-image-preview:large","max-video-preview":"max-video-preview:-1"},"canonical":"https:\/\/www.decortex.com\/it\/prodotto\/pepe-2422-col-3\/","og_locale":"it_IT","og_type":"article","og_title":"PEPE 2422 col.3 - DECORTEX FIRENZE","og_description":"This quilted fabric, marked by the preciousness of the matelass\u00e9 pocket-weave technique and featuring a detailed padded effect, is enhanced by a captivating jacquard woven design that evokes a basketweave-like texture and the textile of the fashion and apparel world. Pepe provides a modern and urban interpretation, expressed in vivid colors and is well-suitedfor medium-intensive [&hellip;]","og_url":"https:\/\/www.decortex.com\/it\/prodotto\/pepe-2422-col-3\/","og_site_name":"DECORTEX FIRENZE","article_modified_time":"2025-04-10T07:51:13+00:00","og_image":[{"width":1875,"height":2500,"url":"https:\/\/www.decortex.com\/wp-content\/uploads\/2025\/03\/Pepe-2422-3.jpg","type":"image\/jpeg"}],"twitter_card":"summary_large_image","twitter_misc":{"Tempo di lettura stimato":"1 minuto"},"schema":{"@context":"https:\/\/schema.org","@graph":[{"@type":"WebPage","@id":"https:\/\/www.decortex.com\/prodotto\/pepe-2422-col-3\/","url":"https:\/\/www.decortex.com\/prodotto\/pepe-2422-col-3\/","name":"PEPE 2422 col.3 - DECORTEX FIRENZE","isPartOf":{"@id":"https:\/\/www.decortex.com\/#website"},"primaryImageOfPage":{"@id":"https:\/\/www.decortex.com\/prodotto\/pepe-2422-col-3\/#primaryimage"},"image":{"@id":"https:\/\/www.decortex.com\/prodotto\/pepe-2422-col-3\/#primaryimage"},"thumbnailUrl":"https:\/\/www.decortex.com\/wp-content\/uploads\/2025\/03\/Pepe-2422-3.jpg","datePublished":"2017-12-31T23:01:46+00:00","dateModified":"2025-04-10T07:51:13+00:00","breadcrumb":{"@id":"https:\/\/www.decortex.com\/prodotto\/pepe-2422-col-3\/#breadcrumb"},"inLanguage":"it-IT","potentialAction":[{"@type":"ReadAction","target":["https:\/\/www.decortex.com\/prodotto\/pepe-2422-col-3\/"]}]},{"@type":"ImageObject","inLanguage":"it-IT","@id":"https:\/\/www.decortex.com\/prodotto\/pepe-2422-col-3\/#primaryimage","url":"https:\/\/www.decortex.com\/wp-content\/uploads\/2025\/03\/Pepe-2422-3.jpg","contentUrl":"https:\/\/www.decortex.com\/wp-content\/uploads\/2025\/03\/Pepe-2422-3.jpg","width":1875,"height":2500},{"@type":"BreadcrumbList","@id":"https:\/\/www.decortex.com\/prodotto\/pepe-2422-col-3\/#breadcrumb","itemListElement":[{"@type":"ListItem","position":1,"name":"Home","item":"https:\/\/www.decortex.com\/"},{"@type":"ListItem","position":2,"name":"Shop","item":"https:\/\/www.decortex.com\/negozio\/"},{"@type":"ListItem","position":3,"name":"PEPE 2422 col.3"}]},{"@type":"WebSite","@id":"https:\/\/www.decortex.com\/#website","url":"https:\/\/www.decortex.com\/","name":"DECORTEX FIRENZE","description":"","potentialAction":[{"@type":"SearchAction","target":{"@type":"EntryPoint","urlTemplate":"https:\/\/www.decortex.com\/?s={search_term_string}"},"query-input":{"@type":"PropertyValueSpecification","valueRequired":true,"valueName":"search_term_string"}}],"inLanguage":"it-IT"}]}},"_links":{"self":[{"href":"https:\/\/www.decortex.com\/it\/wp-json\/wp\/v2\/product\/10128","targetHints":{"allow":["GET"]}}],"collection":[{"href":"https:\/\/www.decortex.com\/it\/wp-json\/wp\/v2\/product"}],"about":[{"href":"https:\/\/www.decortex.com\/it\/wp-json\/wp\/v2\/types\/product"}],"wp:featuredmedia":[{"embeddable":true,"href":"https:\/\/www.decortex.com\/it\/wp-json\/wp\/v2\/media\/10105"}],"wp:attachment":[{"href":"https:\/\/www.decortex.com\/it\/wp-json\/wp\/v2\/media?parent=10128"}],"wp:term":[{"taxonomy":"product_cat","embeddable":true,"href":"https:\/\/www.decortex.com\/it\/wp-json\/wp\/v2\/product_cat?post=10128"},{"taxonomy":"product_tag","embeddable":true,"href":"https:\/\/www.decortex.com\/it\/wp-json\/wp\/v2\/product_tag?post=10128"}],"curies":[{"name":"wp","href":"https:\/\/api.w.org\/{rel}","templated":true}]}}